{"id":791,"date":"2021-10-24T23:10:39","date_gmt":"2021-10-25T04:10:39","guid":{"rendered":"https:\/\/investigacion.filos.unam.mx\/letras_comp\/?page_id=791"},"modified":"2023-05-15T16:18:01","modified_gmt":"2023-05-15T21:18:01","slug":"vida-academica","status":"publish","type":"page","link":"https:\/\/investigacion.filos.unam.mx\/letras_comp\/vida-academica\/","title":{"rendered":"Vida acad\u00e9mica"},"content":{"rendered":"<p>En esta secci\u00f3n podr\u00e1s conocer las diversas manifestaciones que cobra el estudio de la Literatura Comparada en la Facultad de Filosof\u00eda y Letras, UNAM. Para ello, te invitamos a que visites cada una de las siguientes secciones, en las que podr\u00e1s encontrar diversos testimonios y registros de actividades acad\u00e9micas que han girado en torno a esta \u00e1rea del conocimeinto.<\/p>\n<ul>\n<li><a href=\"https:\/\/investigacion.filos.unam.mx\/letras_comp\/vida-academica\/coloquios\/\">Coloquios<\/a><\/li>\n<li><a href=\"https:\/\/investigacion.filos.unam.mx\/letras_comp\/vida-academica\/proyectos-especiales\/\">Proyectos especiales<\/a><\/li>\n<li><a href=\"https:\/\/investigacion.filos.unam.mx\/letras_comp\/vida-academica\/cursos-especiales\/\">Cursos especiales<\/a><\/li>\n<li><a href=\"https:\/\/investigacion.filos.unam.mx\/letras_comp\/vida-academica\/presentaciones-de-libros\/\">Presentaciones de libros<\/a><\/li>\n<\/ul>\n<div id=\"themify_builder_content-791\" data-postid=\"791\" class=\"themify_builder_content themify_builder_content-791 themify_builder\">\n\n    <\/div>\n<!-- \/themify_builder_content -->","protected":false},"excerpt":{"rendered":"<p>En esta secci\u00f3n podr\u00e1s conocer las diversas manifestaciones que cobra el estudio de la Literatura Comparada en la Facultad de Filosof\u00eda y Letras, UNAM. Para ello, te invitamos a que visites cada una de las siguientes secciones, en las que podr\u00e1s encontrar diversos testimonios y registros de actividades acad\u00e9micas que han girado en torno a [&hellip;]<\/p>\n","protected":false},"author":5,"featured_media":0,"parent":0,"menu_order":0,"comment_status":"closed","ping_status":"closed","template":"","meta":{"footnotes":""},"_links":{"self":[{"href":"https:\/\/investigacion.filos.unam.mx\/letras_comp\/wp-json\/wp\/v2\/pages\/791"}],"collection":[{"href":"https:\/\/investigacion.filos.unam.mx\/letras_comp\/wp-json\/wp\/v2\/pages"}],"about":[{"href":"https:\/\/investigacion.filos.unam.mx\/letras_comp\/wp-json\/wp\/v2\/types\/page"}],"author":[{"embeddable":true,"href":"https:\/\/investigacion.filos.unam.mx\/letras_comp\/wp-json\/wp\/v2\/users\/5"}],"replies":[{"embeddable":true,"href":"https:\/\/investigacion.filos.unam.mx\/letras_comp\/wp-json\/wp\/v2\/comments?post=791"}],"version-history":[{"count":0,"href":"https:\/\/investigacion.filos.unam.mx\/letras_comp\/wp-json\/wp\/v2\/pages\/791\/revisions"}],"wp:attachment":[{"href":"https:\/\/investigacion.filos.unam.mx\/letras_comp\/wp-json\/wp\/v2\/media?parent=791"}],"curies":[{"name":"wp","href":"https:\/\/api.w.org\/{rel}","templated":true}]}}