{"id":2210,"date":"2025-04-11T10:06:35","date_gmt":"2025-04-11T16:06:35","guid":{"rendered":"https:\/\/investigacion.filos.unam.mx\/letras_comp\/?page_id=2210"},"modified":"2025-04-30T09:36:47","modified_gmt":"2025-04-30T15:36:47","slug":"tercer-coloquio-de-literatura-comparada-cartografias-de-la-palabra-poeticas-y-tecnologias-en-dialogo-24-26-febrero-de-2025","status":"publish","type":"page","link":"https:\/\/investigacion.filos.unam.mx\/letras_comp\/vida-academica\/coloquios\/tercer-coloquio-de-literatura-comparada-cartografias-de-la-palabra-poeticas-y-tecnologias-en-dialogo-24-26-febrero-de-2025\/","title":{"rendered":"Tercer Coloquio de Literatura Comparada: \u00abCartograf\u00edas de la palabra: Po\u00e9ticas y tecnolog\u00edas en di\u00e1logo\u00bb (24-26 febrero de 2025)"},"content":{"rendered":"<p><b>Fechas: <\/b><span style=\"font-weight: 400;\">24 &#8211; 26 de febrero de 2025<\/span><\/p>\n<p><b>Sede:<\/b><span style=\"font-weight: 400;\"> Salas E y F, Coordinaci\u00f3n de Investigaci\u00f3n de la Facultad de Filosof\u00eda y Letras, UNAM<\/span><\/p>\n<p><b>LUNES 24 DE FEBRERO DE 2025<\/b><\/p>\n<p><b>Inauguraci\u00f3n<\/b><\/p>\n<p><b>Horario: <\/b><span style=\"font-weight: 400;\">9:30 a.m.<\/span><\/p>\n<p><b>Participantes:\u00a0<\/b><\/p>\n<ul>\n<li style=\"font-weight: 400;\" aria-level=\"1\"><span style=\"font-weight: 400;\">Didanwy Kent (Secretaria Acad\u00e9mica de FFyL, UNAM)<\/span><\/li>\n<li style=\"font-weight: 400;\" aria-level=\"1\"><span style=\"font-weight: 400;\">Diego Am\u00e9ndolla Sp\u00ednola (Coordinador de Investigaci\u00f3n, FFyL, UNAM),<\/span><\/li>\n<li style=\"font-weight: 400;\" aria-level=\"1\"><span style=\"font-weight: 400;\">Kundalini Mu\u00f1oz (Coordinadora del Colegio de Letras Modernas, FFyL, UNAM)<\/span><span style=\"font-weight: 400;\">,\u00a0<\/span><\/li>\n<li style=\"font-weight: 400;\" aria-level=\"1\"><span style=\"font-weight: 400;\">Susana Gonz\u00e1lez Aktories (FFyL, UNAM)<\/span><\/li>\n<li style=\"font-weight: 400;\" aria-level=\"1\"><span style=\"font-weight: 400;\">Irene Artigas Albarelli (FFyL, UNAM)<\/span><\/li>\n<li style=\"font-weight: 400;\" aria-level=\"1\"><span style=\"font-weight: 400;\">Carlos Lingan (FFyL, UNAM)<\/span><\/li>\n<\/ul>\n<p><a href=\"https:\/\/investigacion.filos.unam.mx\/letras_comp\/vida-academica\/coloquios\/tercer-coloquio-de-literatura-comparada-cartografias-de-la-palabra-poeticas-y-tecnologias-en-dialogo-24-26-febrero-de-2025\/inauguracion-del-evento-resena\/\"><strong>Rese\u00f1a<\/strong><\/a><\/p>\n<p>&nbsp;<\/p>\n<p><b>Mesa 1: Textualidades corporales<\/b><\/p>\n<p><b>Horario: <\/b><span style=\"font-weight: 400;\">10:00 a.m. \u2013 12:30 p.m.<\/span><\/p>\n<p><b>Moderador:<\/b> <span style=\"font-weight: 400;\">Odette Cort\u00e9s London (FFyL, UNAM)<\/span><\/p>\n<p><b>Participantes:<\/b><\/p>\n<ul>\n<li style=\"font-weight: 400;\" aria-level=\"1\"><span style=\"font-weight: 400;\">Mildred Castillo Cadenas (FFyL, UNAM): \u201cEl cuerpo er\u00f3tico transtextual: Herbert Marcuse y Juan Garc\u00eda Ponce\u201d<\/span><\/li>\n<li style=\"font-weight: 400;\" aria-level=\"1\"><span style=\"font-weight: 400;\">Yasmani P\u00e9rez Forteza (Universidad Aut\u00f3noma de San Luis Potos\u00ed): \u201cConfiguraciones del cuerpo en relatos de revistas literarias digitales. An\u00e1lisis de las revistas <\/span><i><span style=\"font-weight: 400;\">Alas Tensas<\/span><\/i><span style=\"font-weight: 400;\"> de Cuba y <\/span><i><span style=\"font-weight: 400;\">Pl\u00e1stico<\/span><\/i><span style=\"font-weight: 400;\"> de M\u00e9xico (2020-2022)\u201d<\/span><\/li>\n<li style=\"font-weight: 400;\" aria-level=\"1\"><span style=\"font-weight: 400;\">Regina Granados Moreno (FFyL, UNAM): \u201cMachine girls and cephalopods: La resignificaci\u00f3n del cuerpo cyborg en <\/span><i><span style=\"font-weight: 400;\">Soft Science<\/span><\/i><span style=\"font-weight: 400;\">, de Franny Choi\u201d<\/span><\/li>\n<li style=\"font-weight: 400;\" aria-level=\"1\"><span style=\"font-weight: 400;\">Adriana Carrillo Cruz (FFyL, UNAM): \u201cEl cuerpo habla: Misoginia y racismo en la novela <\/span><i><span style=\"font-weight: 400;\">The Bluest Eye<\/span><\/i><span style=\"font-weight: 400;\"> de Toni Morrison y la pieza audiovisual \u2018All in Your Head\u2019 de Clipping ft. Robyn Hood &amp; Conterfeit Madison\u201d<\/span><\/li>\n<li style=\"font-weight: 400;\" aria-level=\"1\"><span style=\"font-weight: 400;\">Mar\u00eda Mart\u00ed Rodr\u00edguez (Universidad An\u00e1huac): \u201cNegociaci\u00f3n con el silencio: La literatura y los archivos period\u00edsticos como fuente hist\u00f3rica para la investigaci\u00f3n de la homosexualidad femenina en la \u00e9poca victoriana\u201d<\/span><\/li>\n<\/ul>\n<p><a href=\"https:\/\/investigacion.filos.unam.mx\/letras_comp\/vida-academica\/coloquios\/tercer-coloquio-de-literatura-comparada-cartografias-de-la-palabra-poeticas-y-tecnologias-en-dialogo-24-26-febrero-de-2025\/mesa-1-textualidades-corporales-resena\/\"><strong>Rese\u00f1a<\/strong><\/a><\/p>\n<p>&nbsp;<\/p>\n<p><b>Conversatorio: Transdisciplinas: humanidades, ciencias y tecnolog\u00edas<\/b><\/p>\n<p><b>Horario: <\/b><span style=\"font-weight: 400;\">12:30 p.m. \u2013 2:00 p.m.<\/span><\/p>\n<p><b>Moderador: <\/b><span style=\"font-weight: 400;\">Carlos Lingan (FFyL, UNAM)<\/span><\/p>\n<p><b>Participantes:<\/b><\/p>\n<ul>\n<li style=\"font-weight: 400;\" aria-level=\"1\"><span style=\"font-weight: 400;\">Canek Zapata (Artista independiente)<\/span><\/li>\n<li style=\"font-weight: 400;\" aria-level=\"1\"><span style=\"font-weight: 400;\">Renato Iturriaga (CIMAT, Guanajuato)<\/span><\/li>\n<li style=\"font-weight: 400;\" aria-level=\"1\"><span style=\"font-weight: 400;\">Aubin Arroyo (Instituto de Matem\u00e1ticas, Cuernavaca, UNAM)<\/span><\/li>\n<li style=\"font-weight: 400;\" aria-level=\"1\"><span style=\"font-weight: 400;\">Susana Gonz\u00e1lez Aktories (FFyL, UNAM)<\/span><\/li>\n<li style=\"font-weight: 400;\" aria-level=\"1\"><span style=\"font-weight: 400;\">Irene Artigas Albarelli (FFyL, UNAM)<\/span><\/li>\n<\/ul>\n<p><a href=\"https:\/\/investigacion.filos.unam.mx\/letras_comp\/vida-academica\/coloquios\/tercer-coloquio-de-literatura-comparada-cartografias-de-la-palabra-poeticas-y-tecnologias-en-dialogo-24-26-febrero-de-2025\/conversatorio-transdisciplinas-humanidades-ciencias-y-tecnologias-resena\/\"><strong>Rese\u00f1a<\/strong><\/a><\/p>\n<p>&nbsp;<\/p>\n<p><b>Mesa 2: Humanidades digitales, mapeos, cartograf\u00edas<\/b><\/p>\n<p><b>Horario: <\/b><span style=\"font-weight: 400;\">4:00 p.m. \u2013 6:00 p.m.<\/span><\/p>\n<p><b>Moderador: <\/b><span style=\"font-weight: 400;\">Mildred Castillo (FFyL, UNAM)<\/span><\/p>\n<p><b>Participantes:<\/b><\/p>\n<ul>\n<li style=\"font-weight: 400;\" aria-level=\"1\"><span style=\"font-weight: 400;\">Yannick Eduardo Bautista Gonz\u00e1lez (URC): \u201cMapeo gen\u00e9rico y multimedia de la autoficci\u00f3n: Ramificaciones narrativas en Karl Ove Knausg\u00e5rd\u201d<\/span><\/li>\n<li style=\"font-weight: 400;\" aria-level=\"1\"><span style=\"font-weight: 400;\">\u00c1lvaro Ruiz Rodilla (IIB, UNAM \/ FFyL, UNAM): \u201cOtras zonas de contacto: cosmopolitismo y naci\u00f3n en tres modelos cartogr\u00e1ficos de traducci\u00f3n literaria en (y desde) M\u00e9xico\u201d<\/span><\/li>\n<li style=\"font-weight: 400;\" aria-level=\"1\"><span style=\"font-weight: 400;\">Orly Cort\u00e9s (FFyL, UNAM): \u00abCartograf\u00eda Literaria e invisibilidad: exploraci\u00f3n de lo p\u00fablico y lo privado en <\/span><i><span style=\"font-weight: 400;\">Los eufemismos<\/span><\/i><span style=\"font-weight: 400;\"> de Ana Negri desde las humanidades digitales\u00bb<\/span><\/li>\n<li style=\"font-weight: 400;\" aria-level=\"1\"><span style=\"font-weight: 400;\">Mario Antonio Valle Jim\u00e9nez (FFyL, UNAM): \u201cMapear la literatura digital: un estado de la cuesti\u00f3n sobre mapas literarios y laboratorios de literatura digital en Am\u00e9rica Latina (2018-2024)\u201d<\/span><\/li>\n<\/ul>\n<p><b><a href=\"https:\/\/investigacion.filos.unam.mx\/letras_comp\/vida-academica\/coloquios\/tercer-coloquio-de-literatura-comparada-cartografias-de-la-palabra-poeticas-y-tecnologias-en-dialogo-24-26-febrero-de-2025\/mesa-2-humanidades-digitales-mapeos-cartografias-resena\/\"><strong>Rese\u00f1a<\/strong><\/a>\u00a0<\/b><\/p>\n<p>&nbsp;<\/p>\n<p><b>MARTES 25 DE FEBRERO DE 2025<\/b><\/p>\n<p>&nbsp;<\/p>\n<p><b>Mesa 3: Multimedialidades<\/b><\/p>\n<p><b>Horario: <\/b><span style=\"font-weight: 400;\">10:00 a.m. \u2013 12:15 p.m.<\/span><\/p>\n<p><b>Moderador: <\/b><span style=\"font-weight: 400;\">\u00a0Mar\u00eda Andrea Giovine (IIB, UNAM)<\/span><\/p>\n<p><b>Participantes:<\/b><\/p>\n<ul>\n<li style=\"font-weight: 400;\" aria-level=\"1\"><span style=\"font-weight: 400;\">Susana Trejo Santoyo (FFyL, UNAM): \u201cExploraciones de las escrituras en relieve: tacto y palabra en piezas de Blanca Gonz\u00e1lez y Guadalupe Alonso Vidal\u201d<\/span><\/li>\n<li style=\"font-weight: 400;\" aria-level=\"1\"><span style=\"font-weight: 400;\">Josefina Pantoja Mel\u00e9ndez (URC): \u201cAportaci\u00f3n a una fundamentaci\u00f3n epistemol\u00f3gica de los nuevos g\u00e9neros h\u00edbridos: humanidades, narrativas y multimedia\u201d<\/span><\/li>\n<li style=\"font-weight: 400;\" aria-level=\"1\"><span style=\"font-weight: 400;\">Diego Mej\u00eda Est\u00e9vez (URC): \u201cDe la novela al videojuego: Serialidad y personajes recurrentes en dos ciclos narrativos\u201d<\/span><\/li>\n<li style=\"font-weight: 400;\" aria-level=\"1\"><span style=\"font-weight: 400;\">Rita Asmara Gay G\u00f3mez (URC): \u201cImpacto de la narrativa de 140 caracteres en el microrrelato como g\u00e9nero literario y su relaci\u00f3n con las po\u00e9ticas contempor\u00e1neas\u201d<\/span><\/li>\n<li style=\"font-weight: 400;\" aria-level=\"1\"><span style=\"font-weight: 400;\">Carlos Lingan (FFyL, UNAM): \u201cPo\u00e9ticas electr\u00f3nicas contempor\u00e1neas: Encuentros entre literatura, m\u00fasica y artes visuales\u201d<\/span><\/li>\n<\/ul>\n<p><a href=\"https:\/\/investigacion.filos.unam.mx\/letras_comp\/vida-academica\/coloquios\/tercer-coloquio-de-literatura-comparada-cartografias-de-la-palabra-poeticas-y-tecnologias-en-dialogo-24-26-febrero-de-2025\/mesa-3-multimedialidades-resena\/\"><strong>Rese\u00f1a<\/strong><\/a><\/p>\n<p>&nbsp;<\/p>\n<p><b>Conversatorio: Traducci\u00f3n y multiculturalidad<\/b><\/p>\n<p><b>Horario: <\/b><span style=\"font-weight: 400;\">12:30 p.m. \u2013 2:00 p.m.<\/span><\/p>\n<p><b>Moderador: <\/b><span style=\"font-weight: 400;\">Ariadna Molinari Tato (FFyL, UNAM)<\/span><\/p>\n<p><b>Participantes:<\/b><\/p>\n<ul>\n<li style=\"font-weight: 400;\" aria-level=\"1\"><span style=\"font-weight: 400;\">Nair Anaya Ferreira (FFyL, UNAM)<\/span><\/li>\n<li style=\"font-weight: 400;\" aria-level=\"1\"><span style=\"font-weight: 400;\">Julia Constantino Reyes (FFyL, UNAM)<\/span><\/li>\n<li style=\"font-weight: 400;\" aria-level=\"1\"><span style=\"font-weight: 400;\">Irene Artigas Albarelli (FFyL, UNAM)<\/span><\/li>\n<\/ul>\n<p><a href=\"https:\/\/investigacion.filos.unam.mx\/letras_comp\/vida-academica\/coloquios\/tercer-coloquio-de-literatura-comparada-cartografias-de-la-palabra-poeticas-y-tecnologias-en-dialogo-24-26-febrero-de-2025\/conversatorio-traduccion-y-multiculturalidad-resena\/\"><strong>Rese\u00f1a<\/strong><\/a><\/p>\n<p>&nbsp;<\/p>\n<p><b>Mesa 4: Inteligencias artificiales y literatura<\/b><\/p>\n<p><b>Horario: <\/b><span style=\"font-weight: 400;\">4:00 p.m. \u2013 6:00 p.m.<\/span><\/p>\n<p><b>Moderador: <\/b><span style=\"font-weight: 400;\">Orly Cort\u00e9s (FFyL, UNAM)<\/span><\/p>\n<p><b>Participantes:<\/b><\/p>\n<ul>\n<li style=\"font-weight: 400;\" aria-level=\"1\"><span style=\"font-weight: 400;\">Rodolfo Mata (IIFl, UNAM): \u201cLos haik\u00fas de Jos\u00e9 Juan Tablada ante la inteligencia artificial generativa: intersemiosis, \u2018\u00e9cfrasis\u2019 y posibilidades de programaci\u00f3n de ChatGPT\u201d<\/span><\/li>\n<li style=\"font-weight: 400;\" aria-level=\"1\"><span style=\"font-weight: 400;\">Mar\u00eda Montserrat Morales Aguilar\u00a0 (BUAP): \u201cAvatarizaci\u00f3n y hallazgos po\u00e9ticos en \u2018C\u00f3mo explicar la poes\u00eda electr\u00f3nica a una liebre digital\u2019 de Bel\u00e9n Gache\u201d<\/span><\/li>\n<li style=\"font-weight: 400;\" aria-level=\"1\"><span style=\"font-weight: 400;\">Jos\u00e9 Daniel Rosendo Contreras (IIJ, UNAM): \u201cTextblob: los usos del procesamiento del lenguaje natural para la cuantificaci\u00f3n del estudio literario\u201d<\/span><\/li>\n<li style=\"font-weight: 400;\" aria-level=\"1\"><span style=\"font-weight: 400;\">Augusto Vinicius Marquet Colmenares (UIA \/ Posgrado en Letras, UNAM):<\/span> <span style=\"font-weight: 400;\">\u201cLa producci\u00f3n: Literatura electr\u00f3nica en el Taller de Literatura Electr\u00f3nica de la UNAM\u201d<\/span><\/li>\n<\/ul>\n<p><a href=\"https:\/\/investigacion.filos.unam.mx\/letras_comp\/vida-academica\/coloquios\/tercer-coloquio-de-literatura-comparada-cartografias-de-la-palabra-poeticas-y-tecnologias-en-dialogo-24-26-febrero-de-2025\/mesa-4-inteligencias-artificiales-y-literatura-resena\/\"><b><strong>Rese\u00f1a<\/strong><\/b><\/a><\/p>\n<p><b>\u00a0<\/b><\/p>\n<p><b>MI\u00c9RCOLES 26 DE FEBRERO DE 2025<\/b><\/p>\n<p>&nbsp;<\/p>\n<p><b>Mesa 5: Literatura electr\u00f3nica<\/b><\/p>\n<p><b>Horario: <\/b><span style=\"font-weight: 400;\">10:00 a.m. \u2013 12:15 p.m.<\/span><\/p>\n<p><b>Moderador: <\/b><span style=\"font-weight: 400;\">Raquel Calzada (FFyL, UNAM)<\/span><\/p>\n<p><b>Participantes:<\/b><\/p>\n<ul>\n<li style=\"font-weight: 400;\" aria-level=\"1\"><span style=\"font-weight: 400;\">Nohelia Meza (BUAP): \u201cLa literatura electr\u00f3nica como pr\u00e1ctica transcultural: un estudio comparatista multiling\u00fce\u201d<\/span><\/li>\n<li style=\"font-weight: 400;\" aria-level=\"1\"><span style=\"font-weight: 400;\">Ver\u00f3nica Paula G\u00f3mez (Freie Universit\u00e4t Berlin): \u201cSobre el domicilio pol\u00edtico de la literatura digital: territorialidades, tecnolog\u00edas y lenguajes en la interzona\u201d<\/span><\/li>\n<li style=\"font-weight: 400;\" aria-level=\"1\"><span style=\"font-weight: 400;\">Angie Salazar (UAEMex): \u201cNuevas Narrativas y Temas Universales en el Manga Japon\u00e9s\u201d<\/span><\/li>\n<li style=\"font-weight: 400;\" aria-level=\"1\"><span style=\"font-weight: 400;\">Gabriel Hern\u00e1ndez Espinoza (BUAP): \u201cPo\u00e9ticas digitales de la ciudad: \u2018Textos guerreros\u2019\u201d<\/span><\/li>\n<li style=\"font-weight: 400;\" aria-level=\"1\"><span style=\"font-weight: 400;\">Ariatna Gamez Soto (FFyL, UNAM): \u201c<\/span><i><span style=\"font-weight: 400;\">Cabras <\/span><\/i><span style=\"font-weight: 400;\">de Jimena Gonz\u00e1lez y Little Jesus: Poes\u00eda intermedial y difusi\u00f3n literaria en Tik Tok\u201d<\/span><\/li>\n<\/ul>\n<p><a href=\"https:\/\/investigacion.filos.unam.mx\/letras_comp\/vida-academica\/coloquios\/tercer-coloquio-de-literatura-comparada-cartografias-de-la-palabra-poeticas-y-tecnologias-en-dialogo-24-26-febrero-de-2025\/mesa-5-literatura-electronica-resena\/\"><strong>Rese\u00f1a<\/strong><\/a><\/p>\n<p>&nbsp;<\/p>\n<p><b>Conversatorio: Devenires de la literatura comparada de cara a la gesti\u00f3n cultural<\/b><\/p>\n<p><b>Horario: <\/b><span style=\"font-weight: 400;\">12:30 a.m. \u2013 2:00 p.m.<\/span><\/p>\n<p><b>Moderador: <\/b><span style=\"font-weight: 400;\">Susana Gonz\u00e1lez Aktories (FFyL, UNAM)<\/span><\/p>\n<p><b>Participantes:<\/b><\/p>\n<ul>\n<li style=\"font-weight: 400;\" aria-level=\"1\"><span style=\"font-weight: 400;\">Cinthya Garc\u00eda Leyva (Casa del Lago, UNAM)<\/span><\/li>\n<li style=\"font-weight: 400;\" aria-level=\"1\"><span style=\"font-weight: 400;\">Myrna Ortega Morales (Secretar\u00eda de Extensi\u00f3n y Proyectos Digitales, UNAM)<\/span><\/li>\n<li style=\"font-weight: 400;\" aria-level=\"1\"><span style=\"font-weight: 400;\">Graciela Mart\u00ednez Zalce (CISAN, UNAM)\u00a0<\/span><\/li>\n<li style=\"font-weight: 400;\" aria-level=\"1\"><span style=\"font-weight: 400;\">Cynthia Grandini (UAM)<\/span><\/li>\n<\/ul>\n<p><a href=\"https:\/\/investigacion.filos.unam.mx\/letras_comp\/vida-academica\/coloquios\/tercer-coloquio-de-literatura-comparada-cartografias-de-la-palabra-poeticas-y-tecnologias-en-dialogo-24-26-febrero-de-2025\/conversatorio-devenires-de-la-literatura-comparada-de-cara-a-la-gestion-cultural-resena\/\"><strong>Rese\u00f1a<\/strong><\/a><b><\/b><\/p>\n<p>&nbsp;<\/p>\n<p><b>Mesa 6: Epistemolog\u00edas<\/b><\/p>\n<p><b>Horario: <\/b><span style=\"font-weight: 400;\">4:00 p.m. \u2013 6:00 p.m.<\/span><\/p>\n<p><b>Moderador: <\/b><span style=\"font-weight: 400;\">Diego Mej\u00eda Est\u00e9vez (URC)<\/span><\/p>\n<p><b>Participantes:<\/b><\/p>\n<ul>\n<li style=\"font-weight: 400;\" aria-level=\"1\"><span style=\"font-weight: 400;\">Martha Patricia Reveles (UACM): \u201cLiteratura comparada y docencia: Una experiencia\u201d<\/span><\/li>\n<li style=\"font-weight: 400;\" aria-level=\"1\"><span style=\"font-weight: 400;\">David Pruneda Sent\u00edes (IISUE, UNAM \/ FFyL, UNAM): \u201cJauss <\/span><i><span style=\"font-weight: 400;\">in the loop<\/span><\/i><span style=\"font-weight: 400;\">: un di\u00e1logo entre la est\u00e9tica de la recepci\u00f3n y la inteligencia artificial\u201d<\/span><\/li>\n<li style=\"font-weight: 400;\" aria-level=\"1\"><span style=\"font-weight: 400;\">Almendra Renda Li Jim\u00e9nez (Centro Educativo \u201cJean Piaget\u201d): \u201cRuta del pensamiento: mapeo de espacios simb\u00f3licos en el <\/span><i><span style=\"font-weight: 400;\">Fedro<\/span><\/i><span style=\"font-weight: 400;\"> de Plat\u00f3n\u201d<\/span><\/li>\n<\/ul>\n<p><a href=\"https:\/\/investigacion.filos.unam.mx\/letras_comp\/vida-academica\/coloquios\/tercer-coloquio-de-literatura-comparada-cartografias-de-la-palabra-poeticas-y-tecnologias-en-dialogo-24-26-febrero-de-2025\/mesa-6-epistemologias-resena\/\"><b><strong>Rese\u00f1a<\/strong><\/b><\/a><\/p>\n<p><b>\u00a0<\/b><\/p>\n<p><b>Clausura del evento<\/b><\/p>\n<p><b>Horario: <\/b><span style=\"font-weight: 400;\">6:00 p.m.<\/span><\/p>\n<p><b>Participantes:\u00a0<\/b><\/p>\n<ul>\n<li style=\"font-weight: 400;\" aria-level=\"1\"><span style=\"font-weight: 400;\">Luz Aurora Pimentel (FFyL, UNAM)<\/span><\/li>\n<li style=\"font-weight: 400;\" aria-level=\"1\"><span style=\"font-weight: 400;\">Gabriela Garc\u00eda Hubard (FFyL, UNAM)<\/span><\/li>\n<li style=\"font-weight: 400;\" aria-level=\"1\"><span style=\"font-weight: 400;\">Irene Artigas Albarelli (FFyL, UNAM)<\/span><\/li>\n<li style=\"font-weight: 400;\" aria-level=\"1\"><span style=\"font-weight: 400;\">Susana Gonz\u00e1lez Aktories (FFyL, UNAM)<\/span><\/li>\n<\/ul>\n<p><a href=\"https:\/\/investigacion.filos.unam.mx\/letras_comp\/vida-academica\/coloquios\/tercer-coloquio-de-literatura-comparada-cartografias-de-la-palabra-poeticas-y-tecnologias-en-dialogo-24-26-febrero-de-2025\/clausura-del-evento-resena\/\"><strong>Rese\u00f1a<\/strong><\/a><\/p>\n<div id=\"themify_builder_content-2210\" data-postid=\"2210\" class=\"themify_builder_content themify_builder_content-2210 themify_builder\">\n\n    <\/div>\n<!-- \/themify_builder_content -->","protected":false},"excerpt":{"rendered":"<p>Fechas: 24 &#8211; 26 de febrero de 2025 Sede: Salas E y F, Coordinaci\u00f3n de Investigaci\u00f3n de la Facultad de Filosof\u00eda y Letras, UNAM LUNES 24 DE FEBRERO DE 2025 Inauguraci\u00f3n Horario: 9:30 a.m. Participantes:\u00a0 Didanwy Kent (Secretaria Acad\u00e9mica de FFyL, UNAM) Diego Am\u00e9ndolla Sp\u00ednola (Coordinador de Investigaci\u00f3n, FFyL, UNAM), Kundalini Mu\u00f1oz (Coordinadora del Colegio [&hellip;]<\/p>\n","protected":false},"author":5,"featured_media":2294,"parent":1428,"menu_order":3,"comment_status":"closed","ping_status":"closed","template":"","meta":{"footnotes":""},"_links":{"self":[{"href":"https:\/\/investigacion.filos.unam.mx\/letras_comp\/wp-json\/wp\/v2\/pages\/2210"}],"collection":[{"href":"https:\/\/investigacion.filos.unam.mx\/letras_comp\/wp-json\/wp\/v2\/pages"}],"about":[{"href":"https:\/\/investigacion.filos.unam.mx\/letras_comp\/wp-json\/wp\/v2\/types\/page"}],"author":[{"embeddable":true,"href":"https:\/\/investigacion.filos.unam.mx\/letras_comp\/wp-json\/wp\/v2\/users\/5"}],"replies":[{"embeddable":true,"href":"https:\/\/investigacion.filos.unam.mx\/letras_comp\/wp-json\/wp\/v2\/comments?post=2210"}],"version-history":[{"count":0,"href":"https:\/\/investigacion.filos.unam.mx\/letras_comp\/wp-json\/wp\/v2\/pages\/2210\/revisions"}],"up":[{"embeddable":true,"href":"https:\/\/investigacion.filos.unam.mx\/letras_comp\/wp-json\/wp\/v2\/pages\/1428"}],"wp:featuredmedia":[{"embeddable":true,"href":"https:\/\/investigacion.filos.unam.mx\/letras_comp\/wp-json\/wp\/v2\/media\/2294"}],"wp:attachment":[{"href":"https:\/\/investigacion.filos.unam.mx\/letras_comp\/wp-json\/wp\/v2\/media?parent=2210"}],"curies":[{"name":"wp","href":"https:\/\/api.w.org\/{rel}","templated":true}]}}