{"id":1994,"date":"2023-05-15T16:47:31","date_gmt":"2023-05-15T21:47:31","guid":{"rendered":"https:\/\/investigacion.filos.unam.mx\/letras_comp\/?page_id=1994"},"modified":"2023-05-15T17:11:23","modified_gmt":"2023-05-15T22:11:23","slug":"tesis-de-posgrado","status":"publish","type":"page","link":"https:\/\/investigacion.filos.unam.mx\/letras_comp\/investigacion\/tesis-de-posgrado\/","title":{"rendered":"Tesis de posgrado"},"content":{"rendered":"<p>En esta secci\u00f3n te compartimos un recuento de los trabajos de investigaci\u00f3n que se han realizado en el campo de conocimiento de Literatura Comparada del Posgrado en Letras de la UNAM, tanto a nivel Maestr\u00eda como Doctorado. Estos listados se encuentran en permanente actualizaci\u00f3n, a fin de mostrar el dinamismo y la vitalidad de este \u00e1mbito de estudio.<\/p>\n<p><strong>Tesis de Maestr\u00eda<\/strong><\/p>\n<p style=\"text-align: center;\"><\/p>\n<p><strong>Tesis de Doctorado<\/strong><\/p>\n<p style=\"text-align: center;\"><\/p>\n<div id=\"themify_builder_content-1994\" data-postid=\"1994\" class=\"themify_builder_content themify_builder_content-1994 themify_builder\">\n\n    <\/div>\n<!-- \/themify_builder_content -->","protected":false},"excerpt":{"rendered":"<p>En esta secci\u00f3n te compartimos un recuento de los trabajos de investigaci\u00f3n que se han realizado en el campo de conocimiento de Literatura Comparada del Posgrado en Letras de la UNAM, tanto a nivel Maestr\u00eda como Doctorado. Estos listados se encuentran en permanente actualizaci\u00f3n, a fin de mostrar el dinamismo y la vitalidad de este [&hellip;]<\/p>\n","protected":false},"author":5,"featured_media":0,"parent":793,"menu_order":0,"comment_status":"closed","ping_status":"closed","template":"","meta":{"footnotes":""},"_links":{"self":[{"href":"https:\/\/investigacion.filos.unam.mx\/letras_comp\/wp-json\/wp\/v2\/pages\/1994"}],"collection":[{"href":"https:\/\/investigacion.filos.unam.mx\/letras_comp\/wp-json\/wp\/v2\/pages"}],"about":[{"href":"https:\/\/investigacion.filos.unam.mx\/letras_comp\/wp-json\/wp\/v2\/types\/page"}],"author":[{"embeddable":true,"href":"https:\/\/investigacion.filos.unam.mx\/letras_comp\/wp-json\/wp\/v2\/users\/5"}],"replies":[{"embeddable":true,"href":"https:\/\/investigacion.filos.unam.mx\/letras_comp\/wp-json\/wp\/v2\/comments?post=1994"}],"version-history":[{"count":0,"href":"https:\/\/investigacion.filos.unam.mx\/letras_comp\/wp-json\/wp\/v2\/pages\/1994\/revisions"}],"up":[{"embeddable":true,"href":"https:\/\/investigacion.filos.unam.mx\/letras_comp\/wp-json\/wp\/v2\/pages\/793"}],"wp:attachment":[{"href":"https:\/\/investigacion.filos.unam.mx\/letras_comp\/wp-json\/wp\/v2\/media?parent=1994"}],"curies":[{"name":"wp","href":"https:\/\/api.w.org\/{rel}","templated":true}]}}