{"id":1367,"date":"2023-03-04T00:46:07","date_gmt":"2023-03-04T06:46:07","guid":{"rendered":"https:\/\/investigacion.filos.unam.mx\/letras_comp\/?page_id=1367"},"modified":"2023-03-04T00:46:07","modified_gmt":"2023-03-04T06:46:07","slug":"horizontes-teoricos-y-criticos-en-torno-a-la-figura-autoral-contemporanea","status":"publish","type":"page","link":"https:\/\/investigacion.filos.unam.mx\/letras_comp\/investigacion\/proyectos-grupales-de-investigacion\/horizontes-teoricos-y-criticos-en-torno-a-la-figura-autoral-contemporanea\/","title":{"rendered":"Horizontes te\u00f3ricos y cr\u00edticos en torno a la figura autoral contempor\u00e1nea"},"content":{"rendered":"<p style=\"text-align: justify;\"><strong>Nombre del proyecto:<\/strong><\/p>\n<p style=\"text-align: justify;\">Horizontes te\u00f3ricos y cr\u00edticos en torno a la figura autoral contempor\u00e1nea. Proyecto PAPIIT, clave IN405014-3. Fecha de inicio: enero de 2014.<\/p>\n<p style=\"text-align: justify;\"><strong>Duraci\u00f3n: <\/strong><\/p>\n<p style=\"text-align: justify;\">Tres a\u00f1os.<\/p>\n<p style=\"text-align: justify;\"><strong>Responsables:<\/strong><\/p>\n<ul>\n<li style=\"text-align: justify;\">Dra. Adriana de Teresa Ochoa (responsable)<\/li>\n<li style=\"text-align: justify;\">Dra. Susana Gonz\u00e1lez Aktories (corresponsable)<\/li>\n<\/ul>\n<p style=\"text-align: justify;\"><strong>Descripci\u00f3n general y objetivos:<\/strong><\/p>\n<p style=\"text-align: justify;\">Este proyecto est\u00e1 centrado la figura autoral contempor\u00e1nea desde una diversidad de perspectivas que ofrezcan un horizonte complejo y multidimensional sobre esta noci\u00f3n: ya sea para dar cuenta de los discursos culturales sobre la autoridad, la creaci\u00f3n y la legitimidad literarias en determinados contextos socio-hist\u00f3ricos; aplicar las nociones de ethos, imagen de autor y postura para identificar las estrategias y los mecanismos de construcci\u00f3n de una representaci\u00f3n imaginaria del escritor que se inscribe en una \u201cescenograf\u00eda autoral\u201d y contribuye a posicionarlo en el campo literario;  problematizar las implicaciones de \u201cla muerte del autor\u201d para la teor\u00eda feminista, as\u00ed como la relaci\u00f3n entre la mujer y la escritura; reconocer el papel de la materialidad del texto (nombre del autor, retratos, fichas biogr\u00e1ficas, etc.) en la construcci\u00f3n de la figura del autor o sus relaciones \u2013como corpus literario- con el cuerpo autoral; modalidades de autor\u00eda presentes en las tecnolog\u00edas digitales (blogs, Twitter, entre otros) como en los medios narrativo audiovisuales (cine y televisi\u00f3n); analizar el estatuto del autor y sus implicaciones en textos en cuya enunciaci\u00f3n convergen dos o m\u00e1s sujetos, como el testimonio y la coautor\u00eda intermedial, o bien en los que se produce una reescritura expl\u00edcita, como la ecfrasis, la traducci\u00f3n y la autoficci\u00f3n; examinar el papel de la figura autoral como personaje literario en novelas, autoficciones o textos autobiogr\u00e1ficos; explorar los niveles discursivos (literarios y extraliterarios) en que aparece la figura del autor en la escritura y la teor\u00eda posmodernas, as\u00ed como el surgimiento de una nueva figura en el contexto de la deconstrucci\u00f3n: la figura espectral, entre otras posibilidades.<\/p>\n<p style=\"text-align: justify;\"><strong>Din\u00e1micas:<\/strong><\/p>\n<p style=\"text-align: justify;\">Los integrantes del proyecto nos reunimos cada quince d\u00edas para exponer, comentar y discutir los planteamientos te\u00f3ricos relacionados con el tema general de la investigaci\u00f3n, as\u00ed como los avances de trabajo particulares de cada participante.<\/p>\n<p style=\"text-align: justify;\"><strong>Miembros actuales:<\/strong><\/p>\n<p style=\"text-align: justify;\"><strong>Profesores:<\/strong><\/p>\n<ul style=\"text-align: justify;\">\n<li>Dra. Irene Artigas<\/li>\n<li>Dra. Julia Constantino<\/li>\n<li>Dra. Adriana de Teresa<\/li>\n<li>Dra. Gabriela Garc\u00eda Hubard<\/li>\n<li>Dra. Nattie Golubov<\/li>\n<li>Dra. Susana Gonz\u00e1lez Aktories<\/li>\n<li>Dra. Ana Elena Gonz\u00e1lez Trevi\u00f1o<\/li>\n<li>Dra. Noem\u00ed Novell<\/li>\n<li>Dra. Aurora Pi\u00f1eiro<\/li>\n<li>Dra. M\u00f3nica Quijano<\/li>\n<\/ul>\n<p style=\"text-align: justify;\"><strong>Alumnos:<\/strong><\/p>\n<ul style=\"text-align: justify;\">\n<li>Ver\u00f3nica Garc\u00eda Ruiz<\/li>\n<li>Gabriela Koestinger<\/li>\n<li>Mar\u00eda Jos\u00e9 Jim\u00e9nez<\/li>\n<li>Julieta Flores Jurado<\/li>\n<li>Iv\u00e1n Ortega<\/li>\n<li>Rodrigo Ponciano<\/li>\n<li>Nicol\u00e1s Ruiz Berruecos<\/li>\n<\/ul>\n<p style=\"text-align: justify;\"><strong>Apoyos:<\/strong><\/p>\n<p style=\"text-align: justify;\">Tenemos financiamiento de la Direcci\u00f3n General de Asuntos del Personal Acad\u00e9mico para dos becarias (una para tesis de licenciatura y otra para tesis de maestr\u00eda), compra de libros y organizaci\u00f3n de un Coloquio.<\/p>\n<p style=\"text-align: justify;\"><strong>Productos:<\/strong><\/p>\n<p style=\"text-align: justify;\">Desde el inicio del proyecto las y los integrantes del proyecto hemos presentado ponencias y publicado diversos art\u00edculos relacionados con el tema de la autor\u00eda contempor\u00e1nea. A fines de octubre se llevar\u00e1 a cabo nuestro coloquio, en el que participar\u00e1n especialistas de M\u00e9xico y pa\u00edses como Barcelona, Venezuela e Irlanda. Finalmente, esperamos publicar un libro colectivo con los mejores trabajos presentados en dicha actividad acad\u00e9mica.<\/p>\n<p style=\"text-align: justify;\"><strong>Contacto:<\/strong><\/p>\n<p style=\"text-align: justify;\">adrianadeteresa@gmail.com<\/p>\n<div id=\"themify_builder_content-1367\" data-postid=\"1367\" class=\"themify_builder_content themify_builder_content-1367 themify_builder\">\n\n    <\/div>\n<!-- \/themify_builder_content -->","protected":false},"excerpt":{"rendered":"<p>Nombre del proyecto: Horizontes te\u00f3ricos y cr\u00edticos en torno a la figura autoral contempor\u00e1nea. Proyecto PAPIIT, clave IN405014-3. Fecha de inicio: enero de 2014. Duraci\u00f3n: Tres a\u00f1os. Responsables: Dra. Adriana de Teresa Ochoa (responsable) Dra. Susana Gonz\u00e1lez Aktories (corresponsable) Descripci\u00f3n general y objetivos: Este proyecto est\u00e1 centrado la figura autoral contempor\u00e1nea desde una diversidad de [&hellip;]<\/p>\n","protected":false},"author":6,"featured_media":0,"parent":1337,"menu_order":0,"comment_status":"closed","ping_status":"closed","template":"","meta":{"footnotes":""},"_links":{"self":[{"href":"https:\/\/investigacion.filos.unam.mx\/letras_comp\/wp-json\/wp\/v2\/pages\/1367"}],"collection":[{"href":"https:\/\/investigacion.filos.unam.mx\/letras_comp\/wp-json\/wp\/v2\/pages"}],"about":[{"href":"https:\/\/investigacion.filos.unam.mx\/letras_comp\/wp-json\/wp\/v2\/types\/page"}],"author":[{"embeddable":true,"href":"https:\/\/investigacion.filos.unam.mx\/letras_comp\/wp-json\/wp\/v2\/users\/6"}],"replies":[{"embeddable":true,"href":"https:\/\/investigacion.filos.unam.mx\/letras_comp\/wp-json\/wp\/v2\/comments?post=1367"}],"version-history":[{"count":0,"href":"https:\/\/investigacion.filos.unam.mx\/letras_comp\/wp-json\/wp\/v2\/pages\/1367\/revisions"}],"up":[{"embeddable":true,"href":"https:\/\/investigacion.filos.unam.mx\/letras_comp\/wp-json\/wp\/v2\/pages\/1337"}],"wp:attachment":[{"href":"https:\/\/investigacion.filos.unam.mx\/letras_comp\/wp-json\/wp\/v2\/media?parent=1367"}],"curies":[{"name":"wp","href":"https:\/\/api.w.org\/{rel}","templated":true}]}}