{"id":1364,"date":"2023-03-04T00:43:31","date_gmt":"2023-03-04T06:43:31","guid":{"rendered":"https:\/\/investigacion.filos.unam.mx\/letras_comp\/?page_id=1364"},"modified":"2023-03-04T00:43:31","modified_gmt":"2023-03-04T06:43:31","slug":"seminario-walter-benjamin","status":"publish","type":"page","link":"https:\/\/investigacion.filos.unam.mx\/letras_comp\/investigacion\/proyectos-grupales-de-investigacion\/seminario-walter-benjamin\/","title":{"rendered":"Seminario Walter Benjamin"},"content":{"rendered":"<h3 style=\"text-align: justify;\">Nombre del proyecto:<\/h3>\n<p style=\"text-align: justify;\">El pensamiento cr\u00edtico de Walter Benjamin. Afinidades en tiempos de oscuridad, IIF. Proyecto PAPIIT ID 400312 (2012-2014)<\/p>\n<h3 style=\"text-align: justify;\">Responsable y coordinadora:<\/h3>\n<p style=\"text-align: justify;\">Esther Cohen Dabah<\/p>\n<h3 style=\"text-align: justify;\">Objetivos:<\/h3>\n<h3 style=\"text-align: justify;\">Trayectoria:<\/h3>\n<p style=\"text-align: justify;\"><strong>2007-2008<\/strong> Registro oficial de proyecto \u201cLa modernidad del pensamiento cr\u00edtico y pol\u00edtico de Walter Benjamin\u201d, PAPIIT-IN 400407. Organizaci\u00f3n de cursos, seminarios con profesores invitados.<\/p>\n<h3 style=\"text-align: justify;\">Resultados:<\/h3>\n<p style=\"text-align: justify;\">Publicaci\u00f3n de libros y n\u00fameros monogr\u00e1ficos sobre Walter Benjamin como:<\/p>\n<ul>\n<li style=\"text-align: justify;\"><em>Acta Po\u00e9tica<\/em>, no. 28 (1-2), primavera-oto\u00f1o 2007.<\/li>\n<li style=\"text-align: justify;\"><em>Walter Benjamin: Direcci\u00f3n m\u00faltiple<\/em>, IIF, UNAM, 2011.<\/li>\n<\/ul>\n<h3>Contacto:<\/h3>\n<p> <a href=\"http:\/\/direccionmultiple.wordpress.com\" target=\"_blank\" rel=\"noopener noreferrer\"><strong>http:\/\/direccionmultiple.wordpress.com<\/strong><\/a> &nbsp;<\/p>\n<div id=\"themify_builder_content-1364\" data-postid=\"1364\" class=\"themify_builder_content themify_builder_content-1364 themify_builder\">\n\n    <\/div>\n<!-- \/themify_builder_content -->","protected":false},"excerpt":{"rendered":"<p>Nombre del proyecto: El pensamiento cr\u00edtico de Walter Benjamin. Afinidades en tiempos de oscuridad, IIF. Proyecto PAPIIT ID 400312 (2012-2014) Responsable y coordinadora: Esther Cohen Dabah Objetivos: Trayectoria: 2007-2008 Registro oficial de proyecto \u201cLa modernidad del pensamiento cr\u00edtico y pol\u00edtico de Walter Benjamin\u201d, PAPIIT-IN 400407. Organizaci\u00f3n de cursos, seminarios con profesores invitados. Resultados: Publicaci\u00f3n de [&hellip;]<\/p>\n","protected":false},"author":6,"featured_media":0,"parent":1337,"menu_order":0,"comment_status":"closed","ping_status":"closed","template":"","meta":{"footnotes":""},"_links":{"self":[{"href":"https:\/\/investigacion.filos.unam.mx\/letras_comp\/wp-json\/wp\/v2\/pages\/1364"}],"collection":[{"href":"https:\/\/investigacion.filos.unam.mx\/letras_comp\/wp-json\/wp\/v2\/pages"}],"about":[{"href":"https:\/\/investigacion.filos.unam.mx\/letras_comp\/wp-json\/wp\/v2\/types\/page"}],"author":[{"embeddable":true,"href":"https:\/\/investigacion.filos.unam.mx\/letras_comp\/wp-json\/wp\/v2\/users\/6"}],"replies":[{"embeddable":true,"href":"https:\/\/investigacion.filos.unam.mx\/letras_comp\/wp-json\/wp\/v2\/comments?post=1364"}],"version-history":[{"count":0,"href":"https:\/\/investigacion.filos.unam.mx\/letras_comp\/wp-json\/wp\/v2\/pages\/1364\/revisions"}],"up":[{"embeddable":true,"href":"https:\/\/investigacion.filos.unam.mx\/letras_comp\/wp-json\/wp\/v2\/pages\/1337"}],"wp:attachment":[{"href":"https:\/\/investigacion.filos.unam.mx\/letras_comp\/wp-json\/wp\/v2\/media?parent=1364"}],"curies":[{"name":"wp","href":"https:\/\/api.w.org\/{rel}","templated":true}]}}