{"id":1290,"date":"2023-02-25T21:55:33","date_gmt":"2023-02-26T03:55:33","guid":{"rendered":"https:\/\/investigacion.filos.unam.mx\/letras_comp\/?page_id=1290"},"modified":"2023-02-25T21:55:33","modified_gmt":"2023-02-26T03:55:33","slug":"acerca-de","status":"publish","type":"page","link":"https:\/\/investigacion.filos.unam.mx\/letras_comp\/acerca-de\/","title":{"rendered":"Acerca de"},"content":{"rendered":"<p>En este espacio nos proponemos continuar con la labor que, desde 2012, hemos sostenido para consolidar el \u00e1rea de Literatura Comparada tanto en la Facultad como en el Posgrado en Letras. Gracias al trabajo conjunto entre profesores y estudiantes de licenciatura, maestr\u00eda y doctorado, fortalecemos las redes de estudios de la literatura comparada entre diversas instancias, tanto nacionales como internacionales. Para quienes participamos en este proyecto es primordial seguir restaurando y alimentando esta p\u00e1gina que desde su inicio ha documentado todas las actividades que hemos realizado (relator\u00edas de coloquios, cuaderno de viajes de estancias de investigaci\u00f3n de estudiantes, entrevistas a profesores del \u00e1rea, relator\u00eda de cursos de profesores invitados, registro de tesis de la maestr\u00eda y el doctorado en Comparada, etc.). De esta manera, continuamos produciendo, rastreando y compilando contenidos en torno a este campo de estudio. Con ello buscamos dar respuesta a preguntas como las siguientes:<\/p>\n<li>\u00bfDe qu\u00e9 manera se ha sostenido la investigaci\u00f3n en literatura comparada?<\/li>\n<li>\u00bfQu\u00e9 tipo de investigaciones se realizan en el \u00e1rea, a partir de qu\u00e9 marcos te\u00f3ricos y con qu\u00e9 otras instancias de la UNAM y de otras universidades nacionales e internacionales se vinculan?<\/li>\n<li>\u00bfQui\u00e9nes realizan las investigaciones y en d\u00f3nde las publican?<\/li>\n<li>\u00bfC\u00f3mo se establecen los v\u00ednculos entre instancias?<\/li>\n<p>Concebimos esta p\u00e1gina como un espacio abierto al di\u00e1logo sobre literatura comparada, adem\u00e1s de un \u00f3rgano informativo estimulante que vincule a la sociedad estudiantil y el profesorado.<\/p>\n<div id=\"themify_builder_content-1290\" data-postid=\"1290\" class=\"themify_builder_content themify_builder_content-1290 themify_builder\">\n\n    <\/div>\n<!-- \/themify_builder_content -->","protected":false},"excerpt":{"rendered":"<p>En este espacio nos proponemos continuar con la labor que, desde 2012, hemos sostenido para consolidar el \u00e1rea de Literatura Comparada tanto en la Facultad como en el Posgrado en Letras. Gracias al trabajo conjunto entre profesores y estudiantes de licenciatura, maestr\u00eda y doctorado, fortalecemos las redes de estudios de la literatura comparada entre diversas [&hellip;]<\/p>\n","protected":false},"author":5,"featured_media":0,"parent":0,"menu_order":0,"comment_status":"closed","ping_status":"closed","template":"","meta":{"footnotes":""},"_links":{"self":[{"href":"https:\/\/investigacion.filos.unam.mx\/letras_comp\/wp-json\/wp\/v2\/pages\/1290"}],"collection":[{"href":"https:\/\/investigacion.filos.unam.mx\/letras_comp\/wp-json\/wp\/v2\/pages"}],"about":[{"href":"https:\/\/investigacion.filos.unam.mx\/letras_comp\/wp-json\/wp\/v2\/types\/page"}],"author":[{"embeddable":true,"href":"https:\/\/investigacion.filos.unam.mx\/letras_comp\/wp-json\/wp\/v2\/users\/5"}],"replies":[{"embeddable":true,"href":"https:\/\/investigacion.filos.unam.mx\/letras_comp\/wp-json\/wp\/v2\/comments?post=1290"}],"version-history":[{"count":0,"href":"https:\/\/investigacion.filos.unam.mx\/letras_comp\/wp-json\/wp\/v2\/pages\/1290\/revisions"}],"wp:attachment":[{"href":"https:\/\/investigacion.filos.unam.mx\/letras_comp\/wp-json\/wp\/v2\/media?parent=1290"}],"curies":[{"name":"wp","href":"https:\/\/api.w.org\/{rel}","templated":true}]}}